{"id":10861,"date":"2026-03-09T18:12:41","date_gmt":"2026-03-09T18:12:41","guid":{"rendered":"https:\/\/lpaspain.com\/?page_id=10861"},"modified":"2026-03-12T14:55:24","modified_gmt":"2026-03-12T14:55:24","slug":"lpa-academy","status":"publish","type":"page","link":"https:\/\/lpaspain.com\/es\/members-area\/lpa-academy\/","title":{"rendered":"LPA Academy"},"content":{"rendered":"<div data-elementor-type=\"wp-page\" data-elementor-id=\"10861\" class=\"elementor elementor-10861\" data-elementor-post-type=\"page\">\n\t\t\t\t<div class=\"elementor-element elementor-element-c6dab29 e-flex e-con-boxed e-con e-parent\" data-id=\"c6dab29\" data-element_type=\"container\" data-e-type=\"container\">\n\t\t\t\t\t<div class=\"e-con-inner\">\n\t\t\t\t<div class=\"elementor-element elementor-element-271c7cf elementor-widget elementor-widget-heading\" data-id=\"271c7cf\" data-element_type=\"widget\" data-e-type=\"widget\" data-widget_type=\"heading.default\">\n\t\t\t\t\t<h2 class=\"elementor-heading-title elementor-size-default\">Formaci\u00f3n y Educaci\u00f3n LPA<\/h2>\t\t\t\t<\/div>\n\t\t\t\t<div class=\"elementor-element elementor-element-d23b007 elementor-widget-divider--view-line elementor-widget elementor-widget-divider\" data-id=\"d23b007\" data-element_type=\"widget\" data-e-type=\"widget\" data-widget_type=\"divider.default\">\n\t\t\t\t\t\t\t<div class=\"elementor-divider\">\n\t\t\t<span class=\"elementor-divider-separator\">\n\t\t\t\t\t\t<\/span>\n\t\t<\/div>\n\t\t\t\t\t\t<\/div>\n\t\t\t\t<div class=\"elementor-element elementor-element-322cee1 elementor-widget__width-initial elementor-widget-mobile__width-inherit elementor-widget elementor-widget-text-editor\" data-id=\"322cee1\" data-element_type=\"widget\" data-e-type=\"widget\" data-widget_type=\"text-editor.default\">\n\t\t\t\t\t\t\t\t\t<p data-start=\"1122\" data-end=\"1271\">En Leading Property Agents of Spain creemos que la formaci\u00f3n continua es esencial para mantener los m\u00e1s altos est\u00e1ndares en el sector inmobiliario de lujo.<\/p><p data-start=\"1273\" data-end=\"1574\" class=\"translation-block\"><strong>\u201cConocer para vender: el an\u00e1lisis previo del inmueble como clave para el buen fin de la compraventa\u201d<\/strong> fue el t\u00edtulo de esta formaci\u00f3n, centrada en la importancia de analizar una propiedad en profundidad antes de sacarla al mercado para garantizar una operaci\u00f3n segura y exitosa.<\/p><p data-start=\"1576\" data-end=\"1754\" class=\"translation-block\">Los contenidos pueden incluir <strong data-start=\"1596\" data-end=\"1659\">webinars, workshops, ponencias de expertos y materiales formativos<\/strong> que abordan actualizaciones legales, estrategias de marketing, tendencias de inversi\u00f3n y tecnolog\u00eda aplicada al sector inmobiliario.<\/p>\t\t\t\t\t\t\t\t<\/div>\n\t\t<div class=\"elementor-element elementor-element-a0176a5 e-con-full e-grid e-con e-child\" data-id=\"a0176a5\" data-element_type=\"container\" data-e-type=\"container\">\n\t\t<div class=\"elementor-element elementor-element-eced061 e-con-full e-flex e-con e-child\" data-id=\"eced061\" data-element_type=\"container\" data-e-type=\"container\">\n\t\t<div class=\"elementor-element elementor-element-9f37e7d e-con-full e-flex e-con e-child\" data-id=\"9f37e7d\" data-element_type=\"container\" data-e-type=\"container\" data-settings=\"{&quot;background_background&quot;:&quot;classic&quot;}\">\n\t\t\t\t<\/div>\n\t\t<div class=\"elementor-element elementor-element-035435c e-con-full e-flex e-con e-child\" data-id=\"035435c\" data-element_type=\"container\" data-e-type=\"container\">\n\t\t\t\t<div class=\"elementor-element elementor-element-aef9efb elementor-widget elementor-widget-heading\" data-id=\"aef9efb\" data-element_type=\"widget\" data-e-type=\"widget\" data-widget_type=\"heading.default\">\n\t\t\t\t\t<h3 class=\"elementor-heading-title elementor-size-default\">Conocer para vender: el an\u00e1lisis previo del inmueble como clave para el buen fin de la compraventa\u201d, Este fue el titulo de la formaci\u00f3n<\/h3>\t\t\t\t<\/div>\n\t\t\t\t<div class=\"elementor-element elementor-element-1a94c2d elementor-widget__width-inherit elementor-widget-mobile__width-inherit elementor-widget elementor-widget-text-editor\" data-id=\"1a94c2d\" data-element_type=\"widget\" data-e-type=\"widget\" data-widget_type=\"text-editor.default\">\n\t\t\t\t\t\t\t\t\t<p data-start=\"196\" data-end=\"512\">Comprender una propiedad antes de sacarla al mercado es esencial para lograr los mejores resultados. En esta sesi\u00f3n de formaci\u00f3n, expertos del sector comparten c\u00f3mo un an\u00e1lisis previo exhaustivo de la propiedad puede ayudar a los agentes a posicionar los inmuebles de forma estrat\u00e9gica, identificar posibles desaf\u00edos con antelaci\u00f3n y, en \u00faltima instancia, asegurar una venta exitosa.<\/p>\t\t\t\t\t\t\t\t<\/div>\n\t\t<div class=\"elementor-element elementor-element-3a2e0ca e-con-full e-flex e-con e-child\" data-id=\"3a2e0ca\" data-element_type=\"container\" data-e-type=\"container\">\n\t\t\t\t<div class=\"elementor-element elementor-element-f5ea08a elementor-align-left elementor-widget elementor-widget-button\" data-id=\"f5ea08a\" data-element_type=\"widget\" data-e-type=\"widget\" data-widget_type=\"button.default\">\n\t\t\t\t\t\t\t\t\t\t<a class=\"elementor-button elementor-button-link elementor-size-sm\" href=\"https:\/\/drive.google.com\/drive\/folders\/1Rf2JUP84uDkV_PhtgccU-kcdS_hUlqNE?usp=share_link\" target=\"_blank\" rel=\"noopener\">\n\t\t\t\t\t\t<span class=\"elementor-button-content-wrapper\">\n\t\t\t\t\t\t<span class=\"elementor-button-icon\">\n\t\t\t\t<svg aria-hidden=\"true\" class=\"e-font-icon-svg e-fas-long-arrow-alt-right\" viewbox=\"0 0 448 512\" xmlns=\"http:\/\/www.w3.org\/2000\/svg\"><path d=\"M313.941 216H12c-6.627 0-12 5.373-12 12v56c0 6.627 5.373 12 12 12h301.941v46.059c0 21.382 25.851 32.09 40.971 16.971l86.059-86.059c9.373-9.373 9.373-24.569 0-33.941l-86.059-86.059c-15.119-15.119-40.971-4.411-40.971 16.971V216z\"><\/path><\/svg>\t\t\t<\/span>\n\t\t\t\t\t\t\t\t\t<span class=\"elementor-button-text\">CONTENT IN ENGLISH<\/span>\n\t\t\t\t\t<\/span>\n\t\t\t\t\t<\/a>\n\t\t\t\t\t\t\t\t<\/div>\n\t\t\t\t<div class=\"elementor-element elementor-element-df39770 elementor-align-left elementor-widget elementor-widget-button\" data-id=\"df39770\" data-element_type=\"widget\" data-e-type=\"widget\" data-widget_type=\"button.default\">\n\t\t\t\t\t\t\t\t\t\t<a class=\"elementor-button elementor-button-link elementor-size-sm\" href=\"https:\/\/drive.google.com\/drive\/folders\/1d7gggm5rWDoK3MSIMB8oT8C4cCpuR2Az?usp=share_link\" target=\"_blank\" rel=\"noopener\">\n\t\t\t\t\t\t<span class=\"elementor-button-content-wrapper\">\n\t\t\t\t\t\t<span class=\"elementor-button-icon\">\n\t\t\t\t<svg aria-hidden=\"true\" class=\"e-font-icon-svg e-fas-long-arrow-alt-right\" viewbox=\"0 0 448 512\" xmlns=\"http:\/\/www.w3.org\/2000\/svg\"><path d=\"M313.941 216H12c-6.627 0-12 5.373-12 12v56c0 6.627 5.373 12 12 12h301.941v46.059c0 21.382 25.851 32.09 40.971 16.971l86.059-86.059c9.373-9.373 9.373-24.569 0-33.941l-86.059-86.059c-15.119-15.119-40.971-4.411-40.971 16.971V216z\"><\/path><\/svg>\t\t\t<\/span>\n\t\t\t\t\t\t\t\t\t<span class=\"elementor-button-text\">CONTENT IN SPANISH<\/span>\n\t\t\t\t\t<\/span>\n\t\t\t\t\t<\/a>\n\t\t\t\t\t\t\t\t<\/div>\n\t\t\t\t<\/div>\n\t\t\t\t<\/div>\n\t\t\t\t<\/div>\n\t\t\t\t<\/div>\n\t\t\t\t\t<\/div>\n\t\t\t\t<\/div>\n\t\t\t\t<\/div>","protected":false},"excerpt":{"rendered":"<p>LPA Training &amp; Education At Leading Property Agents of Spain, we believe continuous education is essential to maintain the highest standards in the luxury real estate sector. In this section, you will find training sessions, educational content and industry resources designed exclusively for LPA members. Our goal is to share knowledge, analyze market trends and [&hellip;]<\/p>\n","protected":false},"author":4,"featured_media":0,"parent":8448,"menu_order":0,"comment_status":"closed","ping_status":"closed","template":"elementor_header_footer","meta":{"_acf_changed":false,"footnotes":""},"categories":[],"tags":[],"class_list":["post-10861","page","type-page","status-publish","hentry"],"acf":[],"_links":{"self":[{"href":"https:\/\/lpaspain.com\/es\/wp-json\/wp\/v2\/pages\/10861","targetHints":{"allow":["GET"]}}],"collection":[{"href":"https:\/\/lpaspain.com\/es\/wp-json\/wp\/v2\/pages"}],"about":[{"href":"https:\/\/lpaspain.com\/es\/wp-json\/wp\/v2\/types\/page"}],"author":[{"embeddable":true,"href":"https:\/\/lpaspain.com\/es\/wp-json\/wp\/v2\/users\/4"}],"replies":[{"embeddable":true,"href":"https:\/\/lpaspain.com\/es\/wp-json\/wp\/v2\/comments?post=10861"}],"version-history":[{"count":12,"href":"https:\/\/lpaspain.com\/es\/wp-json\/wp\/v2\/pages\/10861\/revisions"}],"predecessor-version":[{"id":10896,"href":"https:\/\/lpaspain.com\/es\/wp-json\/wp\/v2\/pages\/10861\/revisions\/10896"}],"up":[{"embeddable":true,"href":"https:\/\/lpaspain.com\/es\/wp-json\/wp\/v2\/pages\/8448"}],"wp:attachment":[{"href":"https:\/\/lpaspain.com\/es\/wp-json\/wp\/v2\/media?parent=10861"}],"wp:term":[{"taxonomy":"category","embeddable":true,"href":"https:\/\/lpaspain.com\/es\/wp-json\/wp\/v2\/categories?post=10861"},{"taxonomy":"post_tag","embeddable":true,"href":"https:\/\/lpaspain.com\/es\/wp-json\/wp\/v2\/tags?post=10861"}],"curies":[{"name":"wp","href":"https:\/\/api.w.org\/{rel}","templated":true}]}}